{"id":1900,"date":"2020-10-16T10:11:07","date_gmt":"2020-10-16T08:11:07","guid":{"rendered":"https:\/\/egogroup.eu\/ego-group\/"},"modified":"2025-10-29T13:04:47","modified_gmt":"2025-10-29T11:04:47","slug":"ego-group","status":"publish","type":"page","link":"https:\/\/egogroup.eu\/es\/ego-group\/","title":{"rendered":"EGO Group"},"content":{"rendered":"<p><div class=\"fusion-fullwidth fullwidth-box fusion-builder-row-1 fusion-parallax-none nonhundred-percent-fullwidth non-hundred-percent-height-scrolling\" style=\"--awb-border-sizes-top:0px;--awb-border-sizes-bottom:0px;--awb-border-sizes-left:0px;--awb-border-sizes-right:0px;--awb-border-radius-top-left:0px;--awb-border-radius-top-right:0px;--awb-border-radius-bottom-right:0px;--awb-border-radius-bottom-left:0px;--awb-padding-top:150px;--awb-padding-bottom:150px;--awb-background-image:url(&quot;https:\/\/egogroup.eu\/wp-content\/uploads\/2020\/06\/head-mondo-1024x630.jpg&quot;);--awb-background-size:cover;--awb-flex-wrap:wrap;\" ><div class=\"fusion-builder-row fusion-row\"><div class=\"fusion-layout-column fusion_builder_column fusion-builder-column-0 fusion_builder_column_1_2 1_2 fusion-one-half fusion-column-first\" style=\"--awb-bg-position:center center;--awb-bg-blend:multiply;--awb-bg-size:cover;width:48%; margin-right: 4%;\"><div class=\"fusion-column-wrapper fusion-column-has-shadow fusion-flex-column-wrapper-legacy\"><div class=\"fusion-text fusion-text-1\"><h1>LAS PLACAS<br \/>\nDE CIRCUITO IMPRESO<br \/>\nSON NUESTRO<br \/>\nMUNDO.<\/h1>\n<\/div><div class=\"fusion-sep-clear\"><\/div><div class=\"fusion-separator fusion-clearfix\" style=\"float:left;margin-top:0px;margin-bottom:35px;width:100%;max-width:170px;\"><\/div><div class=\"fusion-sep-clear\"><\/div><div class=\"fusion-clearfix\"><\/div><\/div><\/div><div class=\"fusion-layout-column fusion_builder_column fusion-builder-column-1 fusion_builder_column_1_2 1_2 fusion-one-half fusion-column-last\" style=\"--awb-bg-size:cover;width:48%;\"><div class=\"fusion-column-wrapper fusion-flex-column-wrapper-legacy\"><div class=\"fusion-sep-clear\"><\/div><div class=\"fusion-separator fusion-full-width-sep\" style=\"margin-left: auto;margin-right: auto;margin-top:40px;width:100%;\"><\/div><div class=\"fusion-sep-clear\"><\/div><div class=\"fusion-text fusion-text-2\"><p class=\"p1\">CON SUS SEDES, EN ITALIA Y EN CROACIA, EGO GROUP ATIENDE A CASI CIEN CLIENTES ACTIVOS EN ITALIA, EUROPA, CHINA Y ESTADOS UNIDOS. ESTAMOS LISTOS Y PREPARADOS PARA ACEPTAR NUEVOS \u00abDESAF\u00cdOS\u00bb Y OPORTUNIDADES QUE EL MERCADO NOS PODR\u00c1 PLANTEAR. \u00abDESAF\u00cdOS\u00bb QUE QUEREMOS AFRONTAR Y GANAR JUNTO A NUESTROS CLIENTES, EN LOS MERCADOS Y EN LAS \u00abGEOGRAF\u00cdAS\u00bb DONDE DEBER\u00c1N COMPETIR.<\/p>\n<\/div><div class=\"fusion-clearfix\"><\/div><\/div><\/div><\/div><\/div><div class=\"fusion-fullwidth fullwidth-box fusion-builder-row-2 nonhundred-percent-fullwidth non-hundred-percent-height-scrolling\" style=\"--awb-border-radius-top-left:0px;--awb-border-radius-top-right:0px;--awb-border-radius-bottom-right:0px;--awb-border-radius-bottom-left:0px;--awb-background-color:#ffffff;--awb-flex-wrap:wrap;\" ><div class=\"fusion-builder-row fusion-row\"><div class=\"fusion-layout-column fusion_builder_column fusion-builder-column-2 fusion_builder_column_1_1 1_1 fusion-one-full fusion-column-first fusion-column-last\" style=\"--awb-bg-size:cover;\"><div class=\"fusion-column-wrapper fusion-column-has-shadow fusion-flex-column-wrapper-legacy\"><div class=\"fusion-sep-clear\"><\/div><div class=\"fusion-separator fusion-clearfix\" style=\"float:left;margin-top:25px;margin-bottom:25px;width:100%;max-width:170px;\"><\/div><div class=\"fusion-sep-clear\"><\/div><div class=\"fusion-clearfix\"><\/div><\/div><\/div><\/div><\/div><div class=\"fusion-fullwidth fullwidth-box fusion-builder-row-3 nonhundred-percent-fullwidth non-hundred-percent-height-scrolling\" style=\"--awb-border-sizes-top:0px;--awb-border-sizes-bottom:0px;--awb-border-sizes-left:0px;--awb-border-sizes-right:0px;--awb-border-radius-top-left:0px;--awb-border-radius-top-right:0px;--awb-border-radius-bottom-right:0px;--awb-border-radius-bottom-left:0px;--awb-padding-top:150px;--awb-padding-bottom:150px;--awb-background-color:#f7f7f7;--awb-flex-wrap:wrap;\" ><div class=\"fusion-builder-row fusion-row\"><div class=\"fusion-layout-column fusion_builder_column fusion-builder-column-3 fusion_builder_column_1_2 1_2 fusion-one-half fusion-column-first\" style=\"--awb-bg-position:center center;--awb-bg-blend:multiply;--awb-bg-size:cover;width:48%; margin-right: 4%;\"><div class=\"fusion-column-wrapper fusion-column-has-shadow fusion-flex-column-wrapper-legacy\"><div class=\"fusion-text fusion-text-3\"><h2 style=\"text-align: left;\">\u00a1DESARROLLA<br \/>\nTU PROYECTO<br \/>\nCON EGO GROUP!<\/h2>\n<\/div><div class=\"fusion-sep-clear\"><\/div><div class=\"fusion-separator fusion-clearfix\" style=\"float:left;margin-top:0px;margin-bottom:35px;width:100%;max-width:170px;\"><\/div><div class=\"fusion-sep-clear\"><\/div><div class=\"fusion-clearfix\"><\/div><\/div><\/div><div class=\"fusion-layout-column fusion_builder_column fusion-builder-column-4 fusion_builder_column_1_2 1_2 fusion-one-half fusion-column-last\" style=\"--awb-bg-size:cover;width:48%;\"><div class=\"fusion-column-wrapper fusion-flex-column-wrapper-legacy\"><div class=\"fusion-sep-clear\"><\/div><div class=\"fusion-separator fusion-full-width-sep\" style=\"margin-left: auto;margin-right: auto;margin-top:40px;width:100%;\"><\/div><div class=\"fusion-sep-clear\"><\/div><div class=\"fusion-text fusion-text-4\"><p class=\"p1\">\u00a1HAZ CRECER TU PASI\u00d3N Y CONVI\u00c9RTETE EN PROTAGONISTA DEL CAMPO DE LA ELECTR\u00d3NICA! \u00bfERES ESTUDIANTE UNIVERSITARIO, GRADUADO RECIENTE O TRABAJAS EN EL MUNDO DE LA ELECTR\u00d3NICA? \u00bfTIENES UN PROYECTO EN MENTE? \u00a1EGO GROUP TE PUEDE AYUDAR!<br \/>\nCONTACTA CON NOSOTROS Y H\u00c1BLANOS DE TI Y DE TU IDEA, \u00a1Y DESCUBRE QU\u00c9 PODEMOS HACER PARA AYUDARTE A CONCRETARLA!<br \/>\nEGO GROUP QUIERE PONERSE EN CONTACTO CON TALENTOS CON DESTACADAS CAPACIDADES DE DISE\u00d1O Y CREATIVIDAD, QUE COMPARTAN LA VISI\u00d3N DE INNOVACI\u00d3N QUE SUSTENTA SU TRABAJO Y SU \u00c9XITO.<br \/>\nTRABAJAR CON EGO GROUP SIGNIFICA FORMAR PARTE DE UNA EMPRESA INDUSTRIAL L\u00cdDER EN EL SECTOR DE LA SUBCONTRATACI\u00d3N ELECTR\u00d3NICA, A LA VANGUARDIA Y EN EVOLUCI\u00d3N CONSTANTE. TENDR\u00c1S LA OPORTUNIDAD DE TRABAJAR EN UN ENTORNO DIN\u00c1MICO, ESTIMULANTE Y COMPETITIVO, CON MAQUINARIA DE \u00daLTIMA GENERACI\u00d3N Y EL APOYO DE UN COMPROBADO KNOW-HOW TECNOL\u00d3GICO.<br \/>\nCOMPLETA EL SIGUIENTE FORMULARIO CON TUS DATOS Y UNA BREVE DESCRIPCI\u00d3N DE TU IDEA. \u00a1NOS PONDREMOS EN CONTACTO CONTIGO LO ANTES POSIBLE PARA DISCUTIR TU PROYECTO JUNTOS!<\/p>\n<\/div><div class=\"fusion-clearfix\"><\/div><\/div><\/div><\/div><\/div><div class=\"fusion-fullwidth fullwidth-box fusion-builder-row-4 nonhundred-percent-fullwidth non-hundred-percent-height-scrolling\" style=\"--awb-border-radius-top-left:0px;--awb-border-radius-top-right:0px;--awb-border-radius-bottom-right:0px;--awb-border-radius-bottom-left:0px;--awb-background-color:#f7f7f7;--awb-flex-wrap:wrap;\" ><div class=\"fusion-builder-row fusion-row\"><div class=\"fusion-layout-column fusion_builder_column fusion-builder-column-5 fusion_builder_column_1_6 1_6 fusion-one-sixth fusion-column-first\" style=\"--awb-bg-size:cover;width:16.666666666667%;width:calc(16.666666666667% - ( ( 4% + 4% ) * 0.16666666666667 ) );margin-right: 4%;\"><div class=\"fusion-column-wrapper fusion-column-has-shadow fusion-flex-column-wrapper-legacy\"><div class=\"fusion-clearfix\"><\/div><\/div><\/div><div class=\"fusion-layout-column fusion_builder_column fusion-builder-column-6 fusion_builder_column_2_3 2_3 fusion-two-third\" style=\"--awb-bg-size:cover;width:66.666666666667%;width:calc(66.666666666667% - ( ( 4% + 4% ) * 0.66666666666667 ) );margin-right: 4%;\"><div class=\"fusion-column-wrapper fusion-column-has-shadow fusion-flex-column-wrapper-legacy\"><div class=\"fusion-title title fusion-title-1 fusion-sep-none fusion-title-text fusion-title-size-one\"><h1 class=\"fusion-title-heading title-heading-left fusion-responsive-typography-calculated\" style=\"margin:0;--fontSize:60;line-height:1.33;\"><h2>Cu\u00e9ntanos tu idea<\/h2><\/h1><\/div>\n<div class=\"wpcf7 no-js\" id=\"wpcf7-f2108-o1\" lang=\"en-US\" dir=\"ltr\" data-wpcf7-id=\"2108\">\n<div class=\"screen-reader-response\"><p role=\"status\" aria-live=\"polite\" aria-atomic=\"true\"><\/p> <ul><\/ul><\/div>\n<form action=\"\/es\/wp-json\/wp\/v2\/pages\/1900#wpcf7-f2108-o1\" method=\"post\" class=\"wpcf7-form init\" aria-label=\"Contact form\" enctype=\"multipart\/form-data\" novalidate=\"novalidate\" data-status=\"init\">\n<fieldset class=\"hidden-fields-container\"><input type=\"hidden\" name=\"_wpcf7\" value=\"2108\" \/><input type=\"hidden\" name=\"_wpcf7_version\" value=\"6.1.5\" \/><input type=\"hidden\" name=\"_wpcf7_locale\" value=\"en_US\" \/><input type=\"hidden\" name=\"_wpcf7_unit_tag\" value=\"wpcf7-f2108-o1\" \/><input type=\"hidden\" name=\"_wpcf7_container_post\" value=\"0\" \/><input type=\"hidden\" name=\"_wpcf7_posted_data_hash\" value=\"\" \/><input type=\"hidden\" name=\"_wpcf7_recaptcha_response\" value=\"\" \/>\n<\/fieldset>\n<div style=\"color: #2e2927; text-transform: uppercase;\">\n\t<p><label>NOMBRE<br \/>\n<span class=\"wpcf7-form-control-wrap\" data-name=\"your-name\"><input size=\"40\" maxlength=\"400\" class=\"wpcf7-form-control wpcf7-text wpcf7-validates-as-required\" aria-required=\"true\" aria-invalid=\"false\" value=\"\" type=\"text\" name=\"your-name\" \/><\/span> <\/label>\n\t<\/p>\n\t<p><label>CORREO ELECTR\u00d3NICO<br \/>\n<span class=\"wpcf7-form-control-wrap\" data-name=\"your-email\"><input size=\"40\" maxlength=\"400\" class=\"wpcf7-form-control wpcf7-email wpcf7-validates-as-required wpcf7-text wpcf7-validates-as-email\" aria-required=\"true\" aria-invalid=\"false\" value=\"\" type=\"email\" name=\"your-email\" \/><\/span> <\/label>\n\t<\/p>\n\t<p><label>MENSAJE<br \/>\n<span class=\"wpcf7-form-control-wrap\" data-name=\"your-message\"><textarea cols=\"40\" rows=\"10\" maxlength=\"2000\" class=\"wpcf7-form-control wpcf7-textarea\" aria-invalid=\"false\" name=\"your-message\"><\/textarea><\/span> <\/label>\n\t<\/p>\n\t<p><label>ADJUNTO<br \/>\n<span class=\"wpcf7-form-control-wrap\" data-name=\"CV\"><input size=\"40\" class=\"wpcf7-form-control wpcf7-file\" accept=\".doc,.pdf,.zip,.jpg\" aria-invalid=\"false\" type=\"file\" name=\"CV\" \/><\/span> <\/label>\n\t<\/p>\n\t<p><input class=\"wpcf7-form-control wpcf7-submit has-spinner\" type=\"submit\" value=\"ENVIAR\" \/>\n\t<\/p>\n<\/div><input type='hidden' class='wpcf7-pum' value='{\"closepopup\":false,\"closedelay\":0,\"openpopup\":false,\"openpopup_id\":0}' \/><div class=\"fusion-alert alert custom alert-custom fusion-alert-center wpcf7-response-output fusion-alert-capitalize awb-alert-native-link-color alert-dismissable awb-alert-close-boxed\" style=\"--awb-border-top-left-radius:0px;--awb-border-top-right-radius:0px;--awb-border-bottom-left-radius:0px;--awb-border-bottom-right-radius:0px;\" role=\"alert\"><div class=\"fusion-alert-content-wrapper\"><span class=\"fusion-alert-content\"><\/span><\/div><button type=\"button\" class=\"close toggle-alert\" data-dismiss=\"alert\" aria-label=\"Close\">&times;<\/button><\/div>\n<\/form>\n<\/div>\n<div class=\"fusion-sep-clear\"><\/div><div class=\"fusion-separator fusion-clearfix\" style=\"float:left;margin-top:25px;margin-bottom:25px;width:100%;max-width:170px;\"><\/div><div class=\"fusion-sep-clear\"><\/div><div class=\"fusion-clearfix\"><\/div><\/div><\/div><div class=\"fusion-layout-column fusion_builder_column fusion-builder-column-7 fusion_builder_column_1_6 1_6 fusion-one-sixth fusion-column-last\" style=\"--awb-bg-size:cover;width:16.666666666667%;width:calc(16.666666666667% - ( ( 4% + 4% ) * 0.16666666666667 ) );\"><div class=\"fusion-column-wrapper fusion-column-has-shadow fusion-flex-column-wrapper-legacy\"><div class=\"fusion-clearfix\"><\/div><\/div><\/div><\/div><\/div><div class=\"fusion-fullwidth fullwidth-box fusion-builder-row-5 nonhundred-percent-fullwidth non-hundred-percent-height-scrolling\" style=\"--awb-border-radius-top-left:0px;--awb-border-radius-top-right:0px;--awb-border-radius-bottom-right:0px;--awb-border-radius-bottom-left:0px;--awb-background-color:#ffffff;--awb-flex-wrap:wrap;\" ><div class=\"fusion-builder-row fusion-row\"><div class=\"fusion-layout-column fusion_builder_column fusion-builder-column-8 fusion_builder_column_1_1 1_1 fusion-one-full fusion-column-first fusion-column-last\" style=\"--awb-bg-size:cover;\"><div class=\"fusion-column-wrapper fusion-column-has-shadow fusion-flex-column-wrapper-legacy\"><div class=\"fusion-sep-clear\"><\/div><div class=\"fusion-separator fusion-clearfix\" style=\"float:left;margin-top:35px;margin-bottom:35px;width:100%;max-width:170px;\"><\/div><div class=\"fusion-sep-clear\"><\/div><div class=\"fusion-title title fusion-title-2 fusion-sep-none fusion-title-text fusion-title-size-one\"><h1 class=\"fusion-title-heading title-heading-left fusion-responsive-typography-calculated\" style=\"margin:0;--fontSize:60;line-height:1.33;\"><h3><strong>NOTICIAS<\/strong><\/h3><\/h1><\/div><div class=\"fusion-clearfix\"><\/div><\/div><\/div><div class=\"fusion-layout-column fusion_builder_column fusion-builder-column-9 fusion_builder_column_1_1 1_1 fusion-one-full fusion-column-first fusion-column-last\" style=\"--awb-bg-size:cover;\"><div class=\"fusion-column-wrapper fusion-column-has-shadow fusion-flex-column-wrapper-legacy\"><div class=\"fusion-recent-posts fusion-recent-posts-1 avada-container layout-default layout-columns-3\"><section class=\"fusion-columns columns fusion-columns-3 columns-3\"><article class=\"post fusion-column column col col-lg-4 col-md-4 col-sm-4\"><div class=\"fusion-flexslider fusion-flexslider-loading flexslider flexslider-hover-type-zoomin\"><ul class=\"slides\"><li><a href=\"https:\/\/egogroup.eu\/es\/sps-italia-fiere-di-parma-2026\/\" aria-label=\"SPS Italia \u2013 Fiere di Parma 2026\" class=\"hover-type-zoomin\"><img decoding=\"async\" width=\"1200\" height=\"1200\" src=\"https:\/\/egogroup.eu\/wp-content\/uploads\/2026\/03\/26-26-maggio-2.jpg\" class=\"attachment-full size-full\" alt=\"\" srcset=\"https:\/\/egogroup.eu\/wp-content\/uploads\/2026\/03\/26-26-maggio-2-200x200.jpg 200w, https:\/\/egogroup.eu\/wp-content\/uploads\/2026\/03\/26-26-maggio-2-400x400.jpg 400w, https:\/\/egogroup.eu\/wp-content\/uploads\/2026\/03\/26-26-maggio-2-600x600.jpg 600w, https:\/\/egogroup.eu\/wp-content\/uploads\/2026\/03\/26-26-maggio-2-800x800.jpg 800w, https:\/\/egogroup.eu\/wp-content\/uploads\/2026\/03\/26-26-maggio-2.jpg 1200w\" sizes=\"(min-width: 2200px) 100vw, (min-width: 824px) 370px, (min-width: 732px) 555px, (min-width: 640px) 732px, \" \/><\/a><\/li><\/ul><\/div><div class=\"recent-posts-content\"><span class=\"vcard\" style=\"display: none;\"><span class=\"fn\"><a href=\"https:\/\/egogroup.eu\/es\/author\/spherica\/\" title=\"Entradas de Staff Spherica\" rel=\"author\">Staff Spherica<\/a><\/span><\/span><span class=\"updated\" style=\"display:none;\">2026-03-24T16:13:35+02:00<\/span><h4 class=\"entry-title\"><a href=\"https:\/\/egogroup.eu\/es\/sps-italia-fiere-di-parma-2026\/\">SPS Italia \u2013 Fiere di Parma 2026<\/a><\/h4><p class=\"meta\"><span class=\"vcard\" style=\"display: none;\"><span class=\"fn\"><a href=\"https:\/\/egogroup.eu\/es\/author\/spherica\/\" title=\"Entradas de Staff Spherica\" rel=\"author\">Staff Spherica<\/a><\/span><\/span><span class=\"updated\" style=\"display:none;\">2026-03-24T16:13:35+02:00<\/span><a href=\"https:\/\/egogroup.eu\/es\/settori\/company-es\/\" rel=\"category tag\">COMPANY<\/a>, <a href=\"https:\/\/egogroup.eu\/es\/settori\/events-es\/\" rel=\"category tag\">EVENTS<\/a><span class=\"fusion-inline-sep\">|<\/span><\/p><p>  EGO Group estar\u00e1 presente: os esperamos en el Pabell\u00f3n 06, Stand H063.   Del 26 al 28 de mayo de 2026, SPS Italia regresa a Fiere di Parma con su decimocuarta edici\u00f3n: [...]<\/p><\/div><\/article><article class=\"post fusion-column column col col-lg-4 col-md-4 col-sm-4\"><div class=\"fusion-flexslider fusion-flexslider-loading flexslider flexslider-hover-type-zoomin\"><ul class=\"slides\"><li><a href=\"https:\/\/egogroup.eu\/es\/focusonpcb-fiera-di-vicenza-2026\/\" aria-label=\"FocusonPCB &#8211; Fiera di Vicenza 2026\" class=\"hover-type-zoomin\"><img decoding=\"async\" width=\"1200\" height=\"1200\" src=\"https:\/\/egogroup.eu\/wp-content\/uploads\/2026\/03\/1772451913380.jpeg\" class=\"attachment-full size-full\" alt=\"\" srcset=\"https:\/\/egogroup.eu\/wp-content\/uploads\/2026\/03\/1772451913380-200x200.jpeg 200w, https:\/\/egogroup.eu\/wp-content\/uploads\/2026\/03\/1772451913380-400x400.jpeg 400w, https:\/\/egogroup.eu\/wp-content\/uploads\/2026\/03\/1772451913380-600x600.jpeg 600w, https:\/\/egogroup.eu\/wp-content\/uploads\/2026\/03\/1772451913380-800x800.jpeg 800w, https:\/\/egogroup.eu\/wp-content\/uploads\/2026\/03\/1772451913380.jpeg 1200w\" sizes=\"(min-width: 2200px) 100vw, (min-width: 824px) 370px, (min-width: 732px) 555px, (min-width: 640px) 732px, \" \/><\/a><\/li><\/ul><\/div><div class=\"recent-posts-content\"><span class=\"vcard\" style=\"display: none;\"><span class=\"fn\"><a href=\"https:\/\/egogroup.eu\/es\/author\/spherica\/\" title=\"Entradas de Staff Spherica\" rel=\"author\">Staff Spherica<\/a><\/span><\/span><span class=\"updated\" style=\"display:none;\">2026-03-24T16:24:36+02:00<\/span><h4 class=\"entry-title\"><a href=\"https:\/\/egogroup.eu\/es\/focusonpcb-fiera-di-vicenza-2026\/\">FocusonPCB &#8211; Fiera di Vicenza 2026<\/a><\/h4><p class=\"meta\"><span class=\"vcard\" style=\"display: none;\"><span class=\"fn\"><a href=\"https:\/\/egogroup.eu\/es\/author\/spherica\/\" title=\"Entradas de Staff Spherica\" rel=\"author\">Staff Spherica<\/a><\/span><\/span><span class=\"updated\" style=\"display:none;\">2026-03-24T16:24:36+02:00<\/span><a href=\"https:\/\/egogroup.eu\/es\/settori\/company-es\/\" rel=\"category tag\">COMPANY<\/a>, <a href=\"https:\/\/egogroup.eu\/es\/settori\/events-es\/\" rel=\"category tag\">EVENTS<\/a><span class=\"fusion-inline-sep\">|<\/span><\/p><p>  FocusonPCB \u2013 Fiera di Vicenza 2026   Del 13 al 14 de mayo de 2026, Focus on PCB est\u00e1 listo para su cuarta edici\u00f3n: el \u00fanico evento B2B en Europa dedicado \u00edntegramente [...]<\/p><\/div><\/article><article class=\"post fusion-column column col col-lg-4 col-md-4 col-sm-4\"><div class=\"fusion-flexslider fusion-flexslider-loading flexslider flexslider-hover-type-zoomin\"><ul class=\"slides\"><li><a href=\"https:\/\/egogroup.eu\/es\/focusonpcb-fiera-di-vicenza-2024\/\" aria-label=\"FocusonPCB &#8211; Fiera di Vicenza 2024\" class=\"hover-type-zoomin\"><img decoding=\"async\" width=\"1080\" height=\"1080\" src=\"https:\/\/egogroup.eu\/wp-content\/uploads\/2024\/03\/banner-1080x1080-1.jpg\" class=\"attachment-full size-full\" alt=\"\" srcset=\"https:\/\/egogroup.eu\/wp-content\/uploads\/2024\/03\/banner-1080x1080-1-200x200.jpg 200w, https:\/\/egogroup.eu\/wp-content\/uploads\/2024\/03\/banner-1080x1080-1-400x400.jpg 400w, https:\/\/egogroup.eu\/wp-content\/uploads\/2024\/03\/banner-1080x1080-1-600x600.jpg 600w, https:\/\/egogroup.eu\/wp-content\/uploads\/2024\/03\/banner-1080x1080-1-800x800.jpg 800w, https:\/\/egogroup.eu\/wp-content\/uploads\/2024\/03\/banner-1080x1080-1.jpg 1080w\" sizes=\"(min-width: 2200px) 100vw, (min-width: 824px) 370px, (min-width: 732px) 555px, (min-width: 640px) 732px, \" \/><\/a><\/li><\/ul><\/div><div class=\"recent-posts-content\"><span class=\"vcard\" style=\"display: none;\"><span class=\"fn\"><a href=\"https:\/\/egogroup.eu\/es\/author\/spherica\/\" title=\"Entradas de Staff Spherica\" rel=\"author\">Staff Spherica<\/a><\/span><\/span><span class=\"updated\" style=\"display:none;\">2024-03-28T16:33:17+02:00<\/span><h4 class=\"entry-title\"><a href=\"https:\/\/egogroup.eu\/es\/focusonpcb-fiera-di-vicenza-2024\/\">FocusonPCB &#8211; Fiera di Vicenza 2024<\/a><\/h4><p class=\"meta\"><span class=\"vcard\" style=\"display: none;\"><span class=\"fn\"><a href=\"https:\/\/egogroup.eu\/es\/author\/spherica\/\" title=\"Entradas de Staff Spherica\" rel=\"author\">Staff Spherica<\/a><\/span><\/span><span class=\"updated\" style=\"display:none;\">2024-03-28T16:33:17+02:00<\/span><a href=\"https:\/\/egogroup.eu\/es\/settori\/company-es\/\" rel=\"category tag\">COMPANY<\/a>, <a href=\"https:\/\/egogroup.eu\/es\/settori\/events-es\/\" rel=\"category tag\">EVENTS<\/a><span class=\"fusion-inline-sep\">|<\/span><\/p><p>  Del 15 al 16 de mayo de 2024   DEL 15 AL 16 DE MAYO DE 2024 SE CELEBRAR\u00c1 LA SEGUNDA EDICI\u00d3N DEL FOCUS ON PCB, EL \u00daNICO EVENTO B2B A NIVEL [...]<\/p><\/div><\/article><\/section><\/div><div class=\"fusion-clearfix\"><\/div><\/div><\/div><\/div><\/div><\/p>\n","protected":false},"excerpt":{"rendered":"","protected":false},"author":1,"featured_media":0,"parent":0,"menu_order":0,"comment_status":"closed","ping_status":"open","template":"100-width.php","meta":{"footnotes":""},"class_list":["post-1900","page","type-page","status-publish","hentry"],"_links":{"self":[{"href":"https:\/\/egogroup.eu\/es\/wp-json\/wp\/v2\/pages\/1900","targetHints":{"allow":["GET"]}}],"collection":[{"href":"https:\/\/egogroup.eu\/es\/wp-json\/wp\/v2\/pages"}],"about":[{"href":"https:\/\/egogroup.eu\/es\/wp-json\/wp\/v2\/types\/page"}],"author":[{"embeddable":true,"href":"https:\/\/egogroup.eu\/es\/wp-json\/wp\/v2\/users\/1"}],"replies":[{"embeddable":true,"href":"https:\/\/egogroup.eu\/es\/wp-json\/wp\/v2\/comments?post=1900"}],"version-history":[{"count":10,"href":"https:\/\/egogroup.eu\/es\/wp-json\/wp\/v2\/pages\/1900\/revisions"}],"predecessor-version":[{"id":2510,"href":"https:\/\/egogroup.eu\/es\/wp-json\/wp\/v2\/pages\/1900\/revisions\/2510"}],"wp:attachment":[{"href":"https:\/\/egogroup.eu\/es\/wp-json\/wp\/v2\/media?parent=1900"}],"curies":[{"name":"wp","href":"https:\/\/api.w.org\/{rel}","templated":true}]}}